{"id":364,"date":"2023-08-20T13:14:22","date_gmt":"2023-08-20T11:14:22","guid":{"rendered":"https:\/\/en.lambruscoemilia.it\/?post_type=product&#038;p=364"},"modified":"2023-08-24T11:10:03","modified_gmt":"2023-08-24T09:10:03","slug":"spumante-millesimato-rose-maranello","status":"publish","type":"product","link":"https:\/\/villaduca.it\/en\/prodotto\/spumante-millesimato-rose-maranello\/","title":{"rendered":"MILLESIMATO Sparkling Ros\u00e9 Maranello"},"content":{"rendered":"<p><strong>Grape variety:<\/strong> Italian red grapes suitable for the production of sparkling wine, of a single vintage, in particular Merlot<br \/>\n<strong>Production Area:<\/strong> Veneto and Emilia region<br \/>\n<strong>Vinification:<\/strong> pressing of the grapes and separation of the must from the skins within 48 hours. Second natural fermentation (Charmat method) in pressure steel tanks, which leads to the formation of carbon dioxide and the enhancement of aromatic and fruity notes. The fermentation and refermentation process takes place at a controlled temperature without ever exceeding 18-19 \u00baC in order to enhance the flavors and fragrances typical of the grapes<br \/>\n<strong>Food pairings:<\/strong> perfect as aperitifs, it\u2019s ideal with delicate first\u00a0dishes, fish, white meats and cheese.<br \/>\n<strong>Serving temperature:<\/strong> 6 \u2013 8\u00b0 C<br \/>\n<strong>Storage:<\/strong> in a dry and cool place, far from direct sunlight<\/p>\n","protected":false},"excerpt":{"rendered":"<div class=\"elementor-element elementor-element-29a089cc elementor-widget elementor-widget-heading\" data-id=\"29a089cc\" data-element_type=\"widget\" data-widget_type=\"heading.default\"><strong>Type of wine:<\/strong> sparkling extra dry rose wine<\/div>\n<div class=\"elementor-element elementor-element-5f68b7df elementor-widget elementor-widget-text-editor\" data-id=\"5f68b7df\" data-element_type=\"widget\" data-widget_type=\"text-editor.default\">\n<div class=\"elementor-widget-container\"><strong>Colour:<\/strong> bright Pink.<br \/>\n<strong>Bouquet:<\/strong> characterized by intense and delicate fragrances of medium ripe fruit<br \/>\n<strong>Taste:<\/strong> persistent, with notes of red fruits and slightly sweet sensation.<\/div>\n<div class=\"elementor-widget-container\"><strong>Alcohol content &amp; sugar residual:<\/strong> 11,5% vol + 18 gr\/lt sugar<\/div>\n<div><span style=\"color: #ffffff;\">.<\/span><\/div>\n<div class=\"elementor-widget-container\"><a href=\"https:\/\/villaduca.it\/PDF\/13-ENG-Sparkling-Millesimato-Rose-Maranello.pdf\" target=\"_blank\" rel=\"noopener\"><img decoding=\"async\" class=\"alignnone wp-image-6201\" src=\"https:\/\/villaduca.it\/wp-content\/uploads\/2023\/03\/simbolo-pdf.jpg\" alt=\"\" width=\"47\" height=\"47\" \/> Download<\/a>\u00a0scheda tecnica completa<\/div>\n<\/div>\n","protected":false},"featured_media":313,"comment_status":"closed","ping_status":"closed","template":"","meta":{"site-sidebar-layout":"no-sidebar","site-content-layout":"plain-container","ast-site-content-layout":"default","site-content-style":"default","site-sidebar-style":"default","ast-global-header-display":"","ast-banner-title-visibility":"","ast-main-header-display":"","ast-hfb-above-header-display":"","ast-hfb-below-header-display":"","ast-hfb-mobile-header-display":"","site-post-title":"disabled","ast-breadcrumbs-content":"","ast-featured-img":"disabled","footer-sml-layout":"","theme-transparent-header-meta":"default","adv-header-id-meta":"","stick-header-meta":"","header-above-stick-meta":"","header-main-stick-meta":"","header-below-stick-meta":"","astra-migrate-meta-layouts":"set","ast-page-background-enabled":"default","ast-page-background-meta":{"desktop":{"background-color":"var(--ast-global-color-4)","background-image":"","background-repeat":"repeat","background-position":"center center","background-size":"auto","background-attachment":"scroll","background-type":"","background-media":"","overlay-type":"","overlay-color":"","overlay-opacity":"","overlay-gradient":""},"tablet":{"background-color":"","background-image":"","background-repeat":"repeat","background-position":"center center","background-size":"auto","background-attachment":"scroll","background-type":"","background-media":"","overlay-type":"","overlay-color":"","overlay-opacity":"","overlay-gradient":""},"mobile":{"background-color":"","background-image":"","background-repeat":"repeat","background-position":"center center","background-size":"auto","background-attachment":"scroll","background-type":"","background-media":"","overlay-type":"","overlay-color":"","overlay-opacity":"","overlay-gradient":""}},"ast-content-background-meta":{"desktop":{"background-color":"var(--ast-global-color-5)","background-image":"","background-repeat":"repeat","background-position":"center center","background-size":"auto","background-attachment":"scroll","background-type":"","background-media":"","overlay-type":"","overlay-color":"","overlay-opacity":"","overlay-gradient":""},"tablet":{"background-color":"var(--ast-global-color-5)","background-image":"","background-repeat":"repeat","background-position":"center center","background-size":"auto","background-attachment":"scroll","background-type":"","background-media":"","overlay-type":"","overlay-color":"","overlay-opacity":"","overlay-gradient":""},"mobile":{"background-color":"var(--ast-global-color-5)","background-image":"","background-repeat":"repeat","background-position":"center center","background-size":"auto","background-attachment":"scroll","background-type":"","background-media":"","overlay-type":"","overlay-color":"","overlay-opacity":"","overlay-gradient":""}}},"product_brand":[],"product_cat":[20],"product_tag":[],"class_list":{"0":"post-364","1":"product","2":"type-product","3":"status-publish","4":"has-post-thumbnail","6":"product_cat-sparkling-wines","7":"desktop-align-center","8":"tablet-align-left","9":"mobile-align-left","11":"first","12":"instock","13":"taxable","14":"shipping-taxable","15":"product-type-simple"},"yoast_head":"<!-- This site is optimized with the Yoast SEO plugin v26.5 - https:\/\/yoast.com\/wordpress\/plugins\/seo\/ -->\n<title>MILLESIMATO Sparkling Ros\u00e9 Maranello - VILLADUCA EN<\/title>\n<meta name=\"description\" content=\"MILLESIMATO Sparkling wine Ros\u00e9 Maranello. Ros\u00e9 sparkling wine obtained from the first fermentation of must obtained from the pressing of the grapes and separation of the must from the skins within 48 hours. Second natural fermentation (Charmat method) in pressure steel tanks, which leads to the formation of carbon dioxide and the enhancement of aromatic and fruity notes. The fermentation and refermentation process takes place at a controlled temperature without ever exceeding 18-19 \u00baC in order to enhance the flavours and fragrances typical of the grapes.\" \/>\n<meta name=\"robots\" content=\"index, follow, max-snippet:-1, max-image-preview:large, max-video-preview:-1\" \/>\n<link rel=\"canonical\" href=\"https:\/\/villaduca.it\/en\/prodotto\/spumante-millesimato-rose-maranello\/\" \/>\n<meta property=\"og:locale\" content=\"en_GB\" \/>\n<meta property=\"og:type\" content=\"article\" \/>\n<meta property=\"og:title\" content=\"MILLESIMATO Sparkling Ros\u00e9 Maranello - VILLADUCA EN\" \/>\n<meta property=\"og:description\" content=\"MILLESIMATO Sparkling wine Ros\u00e9 Maranello. Ros\u00e9 sparkling wine obtained from the first fermentation of must obtained from the pressing of the grapes and separation of the must from the skins within 48 hours. Second natural fermentation (Charmat method) in pressure steel tanks, which leads to the formation of carbon dioxide and the enhancement of aromatic and fruity notes. The fermentation and refermentation process takes place at a controlled temperature without ever exceeding 18-19 \u00baC in order to enhance the flavours and fragrances typical of the grapes.\" \/>\n<meta property=\"og:url\" content=\"https:\/\/villaduca.it\/en\/prodotto\/spumante-millesimato-rose-maranello\/\" \/>\n<meta property=\"og:site_name\" content=\"VILLADUCA EN\" \/>\n<meta property=\"article:publisher\" content=\"https:\/\/www.facebook.com\/MaranelloWines\/\" \/>\n<meta property=\"article:modified_time\" content=\"2023-08-24T09:10:03+00:00\" \/>\n<meta name=\"twitter:card\" content=\"summary_large_image\" \/>\n<meta name=\"twitter:image\" content=\"https:\/\/shop.maranellowines.it\/wp-content\/uploads\/2023\/08\/MARANELLO-11.jpeg\" \/>\n<meta name=\"twitter:label1\" content=\"Est. reading time\" \/>\n\t<meta name=\"twitter:data1\" content=\"1 minute\" \/>\n<script type=\"application\/ld+json\" class=\"yoast-schema-graph\">{\"@context\":\"https:\/\/schema.org\",\"@graph\":[{\"@type\":\"WebPage\",\"@id\":\"https:\/\/villaduca.it\/en\/prodotto\/spumante-millesimato-rose-maranello\/\",\"url\":\"https:\/\/villaduca.it\/en\/prodotto\/spumante-millesimato-rose-maranello\/\",\"name\":\"MILLESIMATO Sparkling Ros\u00e9 Maranello - VILLADUCA EN\",\"isPartOf\":{\"@id\":\"https:\/\/villaduca.it\/en\/#website\"},\"primaryImageOfPage\":{\"@id\":\"https:\/\/villaduca.it\/en\/prodotto\/spumante-millesimato-rose-maranello\/#primaryimage\"},\"image\":{\"@id\":\"https:\/\/villaduca.it\/en\/prodotto\/spumante-millesimato-rose-maranello\/#primaryimage\"},\"thumbnailUrl\":\"https:\/\/shop.maranellowines.it\/wp-content\/uploads\/2023\/08\/MARANELLO-11.jpeg\",\"datePublished\":\"2023-08-20T11:14:22+00:00\",\"dateModified\":\"2023-08-24T09:10:03+00:00\",\"description\":\"MILLESIMATO Sparkling wine Ros\u00e9 Maranello. Ros\u00e9 sparkling wine obtained from the first fermentation of must obtained from the pressing of the grapes and separation of the must from the skins within 48 hours. Second natural fermentation (Charmat method) in pressure steel tanks, which leads to the formation of carbon dioxide and the enhancement of aromatic and fruity notes. The fermentation and refermentation process takes place at a controlled temperature without ever exceeding 18-19 \u00baC in order to enhance the flavours and fragrances typical of the grapes.\",\"breadcrumb\":{\"@id\":\"https:\/\/villaduca.it\/en\/prodotto\/spumante-millesimato-rose-maranello\/#breadcrumb\"},\"inLanguage\":\"en-GB\",\"potentialAction\":[{\"@type\":\"ReadAction\",\"target\":[\"https:\/\/villaduca.it\/en\/prodotto\/spumante-millesimato-rose-maranello\/\"]}]},{\"@type\":\"ImageObject\",\"inLanguage\":\"en-GB\",\"@id\":\"https:\/\/villaduca.it\/en\/prodotto\/spumante-millesimato-rose-maranello\/#primaryimage\",\"url\":\"https:\/\/shop.maranellowines.it\/wp-content\/uploads\/2023\/08\/MARANELLO-11.jpeg\",\"contentUrl\":\"https:\/\/shop.maranellowines.it\/wp-content\/uploads\/2023\/08\/MARANELLO-11.jpeg\",\"width\":1200,\"height\":1200},{\"@type\":\"BreadcrumbList\",\"@id\":\"https:\/\/villaduca.it\/en\/prodotto\/spumante-millesimato-rose-maranello\/#breadcrumb\",\"itemListElement\":[{\"@type\":\"ListItem\",\"position\":1,\"name\":\"Home\",\"item\":\"https:\/\/villaduca.it\/en\/\"},{\"@type\":\"ListItem\",\"position\":2,\"name\":\"Shop\",\"item\":\"https:\/\/villaduca.it\/en\/shop\/\"},{\"@type\":\"ListItem\",\"position\":3,\"name\":\"MILLESIMATO Sparkling Ros\u00e9 Maranello\"}]},{\"@type\":\"WebSite\",\"@id\":\"https:\/\/villaduca.it\/en\/#website\",\"url\":\"https:\/\/villaduca.it\/en\/\",\"name\":\"MARANELLO WINES\",\"description\":\"\",\"publisher\":{\"@id\":\"https:\/\/villaduca.it\/en\/#organization\"},\"potentialAction\":[{\"@type\":\"SearchAction\",\"target\":{\"@type\":\"EntryPoint\",\"urlTemplate\":\"https:\/\/villaduca.it\/en\/?s={search_term_string}\"},\"query-input\":{\"@type\":\"PropertyValueSpecification\",\"valueRequired\":true,\"valueName\":\"search_term_string\"}}],\"inLanguage\":\"en-GB\"},{\"@type\":\"Organization\",\"@id\":\"https:\/\/villaduca.it\/en\/#organization\",\"name\":\"MARANELLO WINES\",\"url\":\"https:\/\/villaduca.it\/en\/\",\"logo\":{\"@type\":\"ImageObject\",\"inLanguage\":\"en-GB\",\"@id\":\"https:\/\/villaduca.it\/en\/#\/schema\/logo\/image\/\",\"url\":\"https:\/\/en.maranello.wine\/wp-content\/uploads\/sites\/5\/2023\/08\/maranello_wine_cornice.jpeg\",\"contentUrl\":\"https:\/\/en.maranello.wine\/wp-content\/uploads\/sites\/5\/2023\/08\/maranello_wine_cornice.jpeg\",\"width\":1200,\"height\":675,\"caption\":\"MARANELLO WINES\"},\"image\":{\"@id\":\"https:\/\/villaduca.it\/en\/#\/schema\/logo\/image\/\"},\"sameAs\":[\"https:\/\/www.facebook.com\/MaranelloWines\/\",\"https:\/\/www.instagram.com\/maranello_wines\/\"]}]}<\/script>\n<!-- \/ Yoast SEO plugin. -->","yoast_head_json":{"title":"MILLESIMATO Sparkling Ros\u00e9 Maranello - VILLADUCA EN","description":"MILLESIMATO Sparkling wine Ros\u00e9 Maranello. Ros\u00e9 sparkling wine obtained from the first fermentation of must obtained from the pressing of the grapes and separation of the must from the skins within 48 hours. Second natural fermentation (Charmat method) in pressure steel tanks, which leads to the formation of carbon dioxide and the enhancement of aromatic and fruity notes. The fermentation and refermentation process takes place at a controlled temperature without ever exceeding 18-19 \u00baC in order to enhance the flavours and fragrances typical of the grapes.","robots":{"index":"index","follow":"follow","max-snippet":"max-snippet:-1","max-image-preview":"max-image-preview:large","max-video-preview":"max-video-preview:-1"},"canonical":"https:\/\/villaduca.it\/en\/prodotto\/spumante-millesimato-rose-maranello\/","og_locale":"en_GB","og_type":"article","og_title":"MILLESIMATO Sparkling Ros\u00e9 Maranello - VILLADUCA EN","og_description":"MILLESIMATO Sparkling wine Ros\u00e9 Maranello. Ros\u00e9 sparkling wine obtained from the first fermentation of must obtained from the pressing of the grapes and separation of the must from the skins within 48 hours. Second natural fermentation (Charmat method) in pressure steel tanks, which leads to the formation of carbon dioxide and the enhancement of aromatic and fruity notes. The fermentation and refermentation process takes place at a controlled temperature without ever exceeding 18-19 \u00baC in order to enhance the flavours and fragrances typical of the grapes.","og_url":"https:\/\/villaduca.it\/en\/prodotto\/spumante-millesimato-rose-maranello\/","og_site_name":"VILLADUCA EN","article_publisher":"https:\/\/www.facebook.com\/MaranelloWines\/","article_modified_time":"2023-08-24T09:10:03+00:00","twitter_card":"summary_large_image","twitter_image":"https:\/\/shop.maranellowines.it\/wp-content\/uploads\/2023\/08\/MARANELLO-11.jpeg","twitter_misc":{"Est. reading time":"1 minute"},"schema":{"@context":"https:\/\/schema.org","@graph":[{"@type":"WebPage","@id":"https:\/\/villaduca.it\/en\/prodotto\/spumante-millesimato-rose-maranello\/","url":"https:\/\/villaduca.it\/en\/prodotto\/spumante-millesimato-rose-maranello\/","name":"MILLESIMATO Sparkling Ros\u00e9 Maranello - VILLADUCA EN","isPartOf":{"@id":"https:\/\/villaduca.it\/en\/#website"},"primaryImageOfPage":{"@id":"https:\/\/villaduca.it\/en\/prodotto\/spumante-millesimato-rose-maranello\/#primaryimage"},"image":{"@id":"https:\/\/villaduca.it\/en\/prodotto\/spumante-millesimato-rose-maranello\/#primaryimage"},"thumbnailUrl":"https:\/\/shop.maranellowines.it\/wp-content\/uploads\/2023\/08\/MARANELLO-11.jpeg","datePublished":"2023-08-20T11:14:22+00:00","dateModified":"2023-08-24T09:10:03+00:00","description":"MILLESIMATO Sparkling wine Ros\u00e9 Maranello. Ros\u00e9 sparkling wine obtained from the first fermentation of must obtained from the pressing of the grapes and separation of the must from the skins within 48 hours. Second natural fermentation (Charmat method) in pressure steel tanks, which leads to the formation of carbon dioxide and the enhancement of aromatic and fruity notes. The fermentation and refermentation process takes place at a controlled temperature without ever exceeding 18-19 \u00baC in order to enhance the flavours and fragrances typical of the grapes.","breadcrumb":{"@id":"https:\/\/villaduca.it\/en\/prodotto\/spumante-millesimato-rose-maranello\/#breadcrumb"},"inLanguage":"en-GB","potentialAction":[{"@type":"ReadAction","target":["https:\/\/villaduca.it\/en\/prodotto\/spumante-millesimato-rose-maranello\/"]}]},{"@type":"ImageObject","inLanguage":"en-GB","@id":"https:\/\/villaduca.it\/en\/prodotto\/spumante-millesimato-rose-maranello\/#primaryimage","url":"https:\/\/shop.maranellowines.it\/wp-content\/uploads\/2023\/08\/MARANELLO-11.jpeg","contentUrl":"https:\/\/shop.maranellowines.it\/wp-content\/uploads\/2023\/08\/MARANELLO-11.jpeg","width":1200,"height":1200},{"@type":"BreadcrumbList","@id":"https:\/\/villaduca.it\/en\/prodotto\/spumante-millesimato-rose-maranello\/#breadcrumb","itemListElement":[{"@type":"ListItem","position":1,"name":"Home","item":"https:\/\/villaduca.it\/en\/"},{"@type":"ListItem","position":2,"name":"Shop","item":"https:\/\/villaduca.it\/en\/shop\/"},{"@type":"ListItem","position":3,"name":"MILLESIMATO Sparkling Ros\u00e9 Maranello"}]},{"@type":"WebSite","@id":"https:\/\/villaduca.it\/en\/#website","url":"https:\/\/villaduca.it\/en\/","name":"MARANELLO WINES","description":"","publisher":{"@id":"https:\/\/villaduca.it\/en\/#organization"},"potentialAction":[{"@type":"SearchAction","target":{"@type":"EntryPoint","urlTemplate":"https:\/\/villaduca.it\/en\/?s={search_term_string}"},"query-input":{"@type":"PropertyValueSpecification","valueRequired":true,"valueName":"search_term_string"}}],"inLanguage":"en-GB"},{"@type":"Organization","@id":"https:\/\/villaduca.it\/en\/#organization","name":"MARANELLO WINES","url":"https:\/\/villaduca.it\/en\/","logo":{"@type":"ImageObject","inLanguage":"en-GB","@id":"https:\/\/villaduca.it\/en\/#\/schema\/logo\/image\/","url":"https:\/\/en.maranello.wine\/wp-content\/uploads\/sites\/5\/2023\/08\/maranello_wine_cornice.jpeg","contentUrl":"https:\/\/en.maranello.wine\/wp-content\/uploads\/sites\/5\/2023\/08\/maranello_wine_cornice.jpeg","width":1200,"height":675,"caption":"MARANELLO WINES"},"image":{"@id":"https:\/\/villaduca.it\/en\/#\/schema\/logo\/image\/"},"sameAs":["https:\/\/www.facebook.com\/MaranelloWines\/","https:\/\/www.instagram.com\/maranello_wines\/"]}]}},"_links":{"self":[{"href":"https:\/\/villaduca.it\/en\/wp-json\/wp\/v2\/product\/364","targetHints":{"allow":["GET"]}}],"collection":[{"href":"https:\/\/villaduca.it\/en\/wp-json\/wp\/v2\/product"}],"about":[{"href":"https:\/\/villaduca.it\/en\/wp-json\/wp\/v2\/types\/product"}],"replies":[{"embeddable":true,"href":"https:\/\/villaduca.it\/en\/wp-json\/wp\/v2\/comments?post=364"}],"wp:featuredmedia":[{"embeddable":true,"href":"https:\/\/villaduca.it\/en\/wp-json\/wp\/v2\/media\/313"}],"wp:attachment":[{"href":"https:\/\/villaduca.it\/en\/wp-json\/wp\/v2\/media?parent=364"}],"wp:term":[{"taxonomy":"product_brand","embeddable":true,"href":"https:\/\/villaduca.it\/en\/wp-json\/wp\/v2\/product_brand?post=364"},{"taxonomy":"product_cat","embeddable":true,"href":"https:\/\/villaduca.it\/en\/wp-json\/wp\/v2\/product_cat?post=364"},{"taxonomy":"product_tag","embeddable":true,"href":"https:\/\/villaduca.it\/en\/wp-json\/wp\/v2\/product_tag?post=364"}],"curies":[{"name":"wp","href":"https:\/\/api.w.org\/{rel}","templated":true}]}}