{"id":339,"date":"2023-08-20T09:58:49","date_gmt":"2023-08-20T07:58:49","guid":{"rendered":"https:\/\/en.lambruscoemilia.it\/?post_type=product&#038;p=339"},"modified":"2023-08-20T09:58:50","modified_gmt":"2023-08-20T07:58:50","slug":"lambrusco-emilia-igt-rose-maranello","status":"publish","type":"product","link":"https:\/\/villaduca.it\/en\/prodotto\/lambrusco-emilia-igt-rose-maranello\/","title":{"rendered":"LAMBRUSCO Emilia IGT Ros\u00e9 Maranello"},"content":{"rendered":"<p><strong>Grape variety:<\/strong> Lambrusco quality Marani, Maestri, Salamino and other varieties of Lambrusco, admitted in the minimum measure of 85% and for the rest from other varieties allowed by the production disciplinary.<br \/>\n<strong>Production Area:<\/strong> grapes from the geographical area called \u201cEmilia\u201d between the provinces of Modena, Reggio Emilia, Bologna, Parma and Piacenza.<br \/>\n<strong>Vinification:<\/strong> traditional ros\u00e9 wine vinification, with a short maceration of the must on the leaves in order to extract the typical and the structure from the tannins. Second natural fermentation (Charmat method) in pressure steel tanks, which leads to the formation of carbon dioxide and the enhancement of aromatic and fruity notes. The fermentation and refermentation process takes place at a controlled temperature without ever exceeding 18-19 \u00baC in order to enhance the flavors and fragrances typical of the grapes.<br \/>\n<strong>Food pairings:<\/strong> perfect throughout the meal, it is ideal with tasty or spicy food thanks to its acidity and freshness. Perfect with pasta dishes with meat sauce, risotti, tortellini, lasagne, boiled meat, salami and cheeses.<br \/>\n<strong>Serving temperature:<\/strong> 10-12\u00b0 C<br \/>\n<strong>Storage:<\/strong> in a dry and cool place, far from direct sunlight.<\/p>\n","protected":false},"excerpt":{"rendered":"<div class=\"elementor-element elementor-element-29a089cc elementor-widget elementor-widget-heading\" data-id=\"29a089cc\" data-element_type=\"widget\" data-widget_type=\"heading.default\"><strong>Type of wine:<\/strong> Semi-Sparkling ros\u00e9 Wine, medium sweet<\/div>\n<div class=\"elementor-element elementor-element-5f68b7df elementor-widget elementor-widget-text-editor\" data-id=\"5f68b7df\" data-element_type=\"widget\" data-widget_type=\"text-editor.default\">\n<div class=\"elementor-widget-container\"><strong>Colour:<\/strong> bright pink.<br \/>\n<strong>Bouquet:<\/strong> fruity, characteristic, with floral and red fruits notes.<br \/>\n<strong>Taste:<\/strong> excellent as aperitif, it goes very well with the classic Italian pasta dishes, white meats and pizza, but also with spicy food thanks to its fresh taste.<\/div>\n<div class=\"elementor-widget-container\"><strong>Alcohol content &amp; sugar residual:<\/strong>\u00a08% vol + 45 gr\/lt sugar<\/div>\n<div><span style=\"color: #ffffff;\">.<\/span><\/div>\n<div class=\"elementor-widget-container\"><a href=\"https:\/\/villaduca.it\/PDF\/02-ENG-Lambrusco-Emilia-Rose-Maranello.pdf\" target=\"_blank\" rel=\"noopener\"><img decoding=\"async\" class=\"alignnone wp-image-6201\" src=\"https:\/\/villaduca.it\/wp-content\/uploads\/2023\/03\/simbolo-pdf.jpg\" alt=\"\" width=\"47\" height=\"47\" \/> Download<\/a> complete data sheet<\/div>\n<\/div>\n","protected":false},"featured_media":299,"comment_status":"closed","ping_status":"closed","template":"","meta":{"site-sidebar-layout":"no-sidebar","site-content-layout":"plain-container","ast-site-content-layout":"default","site-content-style":"default","site-sidebar-style":"default","ast-global-header-display":"","ast-banner-title-visibility":"","ast-main-header-display":"","ast-hfb-above-header-display":"","ast-hfb-below-header-display":"","ast-hfb-mobile-header-display":"","site-post-title":"disabled","ast-breadcrumbs-content":"","ast-featured-img":"disabled","footer-sml-layout":"","theme-transparent-header-meta":"default","adv-header-id-meta":"","stick-header-meta":"","header-above-stick-meta":"","header-main-stick-meta":"","header-below-stick-meta":"","astra-migrate-meta-layouts":"set","ast-page-background-enabled":"default","ast-page-background-meta":{"desktop":{"background-color":"var(--ast-global-color-4)","background-image":"","background-repeat":"repeat","background-position":"center center","background-size":"auto","background-attachment":"scroll","background-type":"","background-media":"","overlay-type":"","overlay-color":"","overlay-opacity":"","overlay-gradient":""},"tablet":{"background-color":"","background-image":"","background-repeat":"repeat","background-position":"center center","background-size":"auto","background-attachment":"scroll","background-type":"","background-media":"","overlay-type":"","overlay-color":"","overlay-opacity":"","overlay-gradient":""},"mobile":{"background-color":"","background-image":"","background-repeat":"repeat","background-position":"center center","background-size":"auto","background-attachment":"scroll","background-type":"","background-media":"","overlay-type":"","overlay-color":"","overlay-opacity":"","overlay-gradient":""}},"ast-content-background-meta":{"desktop":{"background-color":"var(--ast-global-color-5)","background-image":"","background-repeat":"repeat","background-position":"center center","background-size":"auto","background-attachment":"scroll","background-type":"","background-media":"","overlay-type":"","overlay-color":"","overlay-opacity":"","overlay-gradient":""},"tablet":{"background-color":"var(--ast-global-color-5)","background-image":"","background-repeat":"repeat","background-position":"center center","background-size":"auto","background-attachment":"scroll","background-type":"","background-media":"","overlay-type":"","overlay-color":"","overlay-opacity":"","overlay-gradient":""},"mobile":{"background-color":"var(--ast-global-color-5)","background-image":"","background-repeat":"repeat","background-position":"center center","background-size":"auto","background-attachment":"scroll","background-type":"","background-media":"","overlay-type":"","overlay-color":"","overlay-opacity":"","overlay-gradient":""}}},"product_brand":[],"product_cat":[21],"product_tag":[],"class_list":{"0":"post-339","1":"product","2":"type-product","3":"status-publish","4":"has-post-thumbnail","6":"product_cat-semi-sparkling-wine","7":"desktop-align-center","8":"tablet-align-left","9":"mobile-align-left","11":"first","12":"instock","13":"taxable","14":"shipping-taxable","15":"product-type-simple"},"yoast_head":"<!-- This site is optimized with the Yoast SEO plugin v26.5 - https:\/\/yoast.com\/wordpress\/plugins\/seo\/ -->\n<title>LAMBRUSCO Emilia IGT Ros\u00e9 Maranello - VILLADUCA EN<\/title>\n<meta name=\"description\" content=\"Semi Sparkling wine LAMBRUSCO Emilia IGT Ros\u00e9 amabile. Traditional ros\u00e9 wine vinification, with a short maceration of the must on the leaves in order to extract the typical and the structure from the tannins. Second natural fermentation (Charmat mothod) in pressure steel tanks, which leads to the formation of carbon dioxide and the enhancement of aromatic and fruity notes. The fermentation and refermentation process takes place at a controlled temperature without ever exceeding 18-19 \u00baC in order to enhance the flavors and fragrances typical of the grapes.\" \/>\n<meta name=\"robots\" content=\"index, follow, max-snippet:-1, max-image-preview:large, max-video-preview:-1\" \/>\n<link rel=\"canonical\" href=\"https:\/\/villaduca.it\/en\/prodotto\/lambrusco-emilia-igt-rose-maranello\/\" \/>\n<meta property=\"og:locale\" content=\"en_GB\" \/>\n<meta property=\"og:type\" content=\"article\" \/>\n<meta property=\"og:title\" content=\"LAMBRUSCO Emilia IGT Ros\u00e9 Maranello - VILLADUCA EN\" \/>\n<meta property=\"og:description\" content=\"Semi Sparkling wine LAMBRUSCO Emilia IGT Ros\u00e9 amabile. Traditional ros\u00e9 wine vinification, with a short maceration of the must on the leaves in order to extract the typical and the structure from the tannins. Second natural fermentation (Charmat mothod) in pressure steel tanks, which leads to the formation of carbon dioxide and the enhancement of aromatic and fruity notes. The fermentation and refermentation process takes place at a controlled temperature without ever exceeding 18-19 \u00baC in order to enhance the flavors and fragrances typical of the grapes.\" \/>\n<meta property=\"og:url\" content=\"https:\/\/villaduca.it\/en\/prodotto\/lambrusco-emilia-igt-rose-maranello\/\" \/>\n<meta property=\"og:site_name\" content=\"VILLADUCA EN\" \/>\n<meta property=\"article:publisher\" content=\"https:\/\/www.facebook.com\/MaranelloWines\/\" \/>\n<meta property=\"article:modified_time\" content=\"2023-08-20T07:58:50+00:00\" \/>\n<meta name=\"twitter:card\" content=\"summary_large_image\" \/>\n<meta name=\"twitter:image\" content=\"https:\/\/shop.maranellowines.it\/wp-content\/uploads\/2023\/08\/Frizzanti-3.jpeg\" \/>\n<meta name=\"twitter:label1\" content=\"Est. reading time\" \/>\n\t<meta name=\"twitter:data1\" content=\"1 minute\" \/>\n<script type=\"application\/ld+json\" class=\"yoast-schema-graph\">{\"@context\":\"https:\/\/schema.org\",\"@graph\":[{\"@type\":\"WebPage\",\"@id\":\"https:\/\/villaduca.it\/en\/prodotto\/lambrusco-emilia-igt-rose-maranello\/\",\"url\":\"https:\/\/villaduca.it\/en\/prodotto\/lambrusco-emilia-igt-rose-maranello\/\",\"name\":\"LAMBRUSCO Emilia IGT Ros\u00e9 Maranello - VILLADUCA EN\",\"isPartOf\":{\"@id\":\"https:\/\/villaduca.it\/en\/#website\"},\"primaryImageOfPage\":{\"@id\":\"https:\/\/villaduca.it\/en\/prodotto\/lambrusco-emilia-igt-rose-maranello\/#primaryimage\"},\"image\":{\"@id\":\"https:\/\/villaduca.it\/en\/prodotto\/lambrusco-emilia-igt-rose-maranello\/#primaryimage\"},\"thumbnailUrl\":\"https:\/\/shop.maranellowines.it\/wp-content\/uploads\/2023\/08\/Frizzanti-3.jpeg\",\"datePublished\":\"2023-08-20T07:58:49+00:00\",\"dateModified\":\"2023-08-20T07:58:50+00:00\",\"description\":\"Semi Sparkling wine LAMBRUSCO Emilia IGT Ros\u00e9 amabile. Traditional ros\u00e9 wine vinification, with a short maceration of the must on the leaves in order to extract the typical and the structure from the tannins. Second natural fermentation (Charmat mothod) in pressure steel tanks, which leads to the formation of carbon dioxide and the enhancement of aromatic and fruity notes. The fermentation and refermentation process takes place at a controlled temperature without ever exceeding 18-19 \u00baC in order to enhance the flavors and fragrances typical of the grapes.\",\"breadcrumb\":{\"@id\":\"https:\/\/villaduca.it\/en\/prodotto\/lambrusco-emilia-igt-rose-maranello\/#breadcrumb\"},\"inLanguage\":\"en-GB\",\"potentialAction\":[{\"@type\":\"ReadAction\",\"target\":[\"https:\/\/villaduca.it\/en\/prodotto\/lambrusco-emilia-igt-rose-maranello\/\"]}]},{\"@type\":\"ImageObject\",\"inLanguage\":\"en-GB\",\"@id\":\"https:\/\/villaduca.it\/en\/prodotto\/lambrusco-emilia-igt-rose-maranello\/#primaryimage\",\"url\":\"https:\/\/shop.maranellowines.it\/wp-content\/uploads\/2023\/08\/Frizzanti-3.jpeg\",\"contentUrl\":\"https:\/\/shop.maranellowines.it\/wp-content\/uploads\/2023\/08\/Frizzanti-3.jpeg\",\"width\":1200,\"height\":1200},{\"@type\":\"BreadcrumbList\",\"@id\":\"https:\/\/villaduca.it\/en\/prodotto\/lambrusco-emilia-igt-rose-maranello\/#breadcrumb\",\"itemListElement\":[{\"@type\":\"ListItem\",\"position\":1,\"name\":\"Home\",\"item\":\"https:\/\/villaduca.it\/en\/\"},{\"@type\":\"ListItem\",\"position\":2,\"name\":\"Shop\",\"item\":\"https:\/\/villaduca.it\/en\/shop\/\"},{\"@type\":\"ListItem\",\"position\":3,\"name\":\"LAMBRUSCO Emilia IGT Ros\u00e9 Maranello\"}]},{\"@type\":\"WebSite\",\"@id\":\"https:\/\/villaduca.it\/en\/#website\",\"url\":\"https:\/\/villaduca.it\/en\/\",\"name\":\"MARANELLO WINES\",\"description\":\"\",\"publisher\":{\"@id\":\"https:\/\/villaduca.it\/en\/#organization\"},\"potentialAction\":[{\"@type\":\"SearchAction\",\"target\":{\"@type\":\"EntryPoint\",\"urlTemplate\":\"https:\/\/villaduca.it\/en\/?s={search_term_string}\"},\"query-input\":{\"@type\":\"PropertyValueSpecification\",\"valueRequired\":true,\"valueName\":\"search_term_string\"}}],\"inLanguage\":\"en-GB\"},{\"@type\":\"Organization\",\"@id\":\"https:\/\/villaduca.it\/en\/#organization\",\"name\":\"MARANELLO WINES\",\"url\":\"https:\/\/villaduca.it\/en\/\",\"logo\":{\"@type\":\"ImageObject\",\"inLanguage\":\"en-GB\",\"@id\":\"https:\/\/villaduca.it\/en\/#\/schema\/logo\/image\/\",\"url\":\"https:\/\/en.maranello.wine\/wp-content\/uploads\/sites\/5\/2023\/08\/maranello_wine_cornice.jpeg\",\"contentUrl\":\"https:\/\/en.maranello.wine\/wp-content\/uploads\/sites\/5\/2023\/08\/maranello_wine_cornice.jpeg\",\"width\":1200,\"height\":675,\"caption\":\"MARANELLO WINES\"},\"image\":{\"@id\":\"https:\/\/villaduca.it\/en\/#\/schema\/logo\/image\/\"},\"sameAs\":[\"https:\/\/www.facebook.com\/MaranelloWines\/\",\"https:\/\/www.instagram.com\/maranello_wines\/\"]}]}<\/script>\n<!-- \/ Yoast SEO plugin. -->","yoast_head_json":{"title":"LAMBRUSCO Emilia IGT Ros\u00e9 Maranello - VILLADUCA EN","description":"Semi Sparkling wine LAMBRUSCO Emilia IGT Ros\u00e9 amabile. Traditional ros\u00e9 wine vinification, with a short maceration of the must on the leaves in order to extract the typical and the structure from the tannins. Second natural fermentation (Charmat mothod) in pressure steel tanks, which leads to the formation of carbon dioxide and the enhancement of aromatic and fruity notes. The fermentation and refermentation process takes place at a controlled temperature without ever exceeding 18-19 \u00baC in order to enhance the flavors and fragrances typical of the grapes.","robots":{"index":"index","follow":"follow","max-snippet":"max-snippet:-1","max-image-preview":"max-image-preview:large","max-video-preview":"max-video-preview:-1"},"canonical":"https:\/\/villaduca.it\/en\/prodotto\/lambrusco-emilia-igt-rose-maranello\/","og_locale":"en_GB","og_type":"article","og_title":"LAMBRUSCO Emilia IGT Ros\u00e9 Maranello - VILLADUCA EN","og_description":"Semi Sparkling wine LAMBRUSCO Emilia IGT Ros\u00e9 amabile. Traditional ros\u00e9 wine vinification, with a short maceration of the must on the leaves in order to extract the typical and the structure from the tannins. Second natural fermentation (Charmat mothod) in pressure steel tanks, which leads to the formation of carbon dioxide and the enhancement of aromatic and fruity notes. The fermentation and refermentation process takes place at a controlled temperature without ever exceeding 18-19 \u00baC in order to enhance the flavors and fragrances typical of the grapes.","og_url":"https:\/\/villaduca.it\/en\/prodotto\/lambrusco-emilia-igt-rose-maranello\/","og_site_name":"VILLADUCA EN","article_publisher":"https:\/\/www.facebook.com\/MaranelloWines\/","article_modified_time":"2023-08-20T07:58:50+00:00","twitter_card":"summary_large_image","twitter_image":"https:\/\/shop.maranellowines.it\/wp-content\/uploads\/2023\/08\/Frizzanti-3.jpeg","twitter_misc":{"Est. reading time":"1 minute"},"schema":{"@context":"https:\/\/schema.org","@graph":[{"@type":"WebPage","@id":"https:\/\/villaduca.it\/en\/prodotto\/lambrusco-emilia-igt-rose-maranello\/","url":"https:\/\/villaduca.it\/en\/prodotto\/lambrusco-emilia-igt-rose-maranello\/","name":"LAMBRUSCO Emilia IGT Ros\u00e9 Maranello - VILLADUCA EN","isPartOf":{"@id":"https:\/\/villaduca.it\/en\/#website"},"primaryImageOfPage":{"@id":"https:\/\/villaduca.it\/en\/prodotto\/lambrusco-emilia-igt-rose-maranello\/#primaryimage"},"image":{"@id":"https:\/\/villaduca.it\/en\/prodotto\/lambrusco-emilia-igt-rose-maranello\/#primaryimage"},"thumbnailUrl":"https:\/\/shop.maranellowines.it\/wp-content\/uploads\/2023\/08\/Frizzanti-3.jpeg","datePublished":"2023-08-20T07:58:49+00:00","dateModified":"2023-08-20T07:58:50+00:00","description":"Semi Sparkling wine LAMBRUSCO Emilia IGT Ros\u00e9 amabile. Traditional ros\u00e9 wine vinification, with a short maceration of the must on the leaves in order to extract the typical and the structure from the tannins. Second natural fermentation (Charmat mothod) in pressure steel tanks, which leads to the formation of carbon dioxide and the enhancement of aromatic and fruity notes. The fermentation and refermentation process takes place at a controlled temperature without ever exceeding 18-19 \u00baC in order to enhance the flavors and fragrances typical of the grapes.","breadcrumb":{"@id":"https:\/\/villaduca.it\/en\/prodotto\/lambrusco-emilia-igt-rose-maranello\/#breadcrumb"},"inLanguage":"en-GB","potentialAction":[{"@type":"ReadAction","target":["https:\/\/villaduca.it\/en\/prodotto\/lambrusco-emilia-igt-rose-maranello\/"]}]},{"@type":"ImageObject","inLanguage":"en-GB","@id":"https:\/\/villaduca.it\/en\/prodotto\/lambrusco-emilia-igt-rose-maranello\/#primaryimage","url":"https:\/\/shop.maranellowines.it\/wp-content\/uploads\/2023\/08\/Frizzanti-3.jpeg","contentUrl":"https:\/\/shop.maranellowines.it\/wp-content\/uploads\/2023\/08\/Frizzanti-3.jpeg","width":1200,"height":1200},{"@type":"BreadcrumbList","@id":"https:\/\/villaduca.it\/en\/prodotto\/lambrusco-emilia-igt-rose-maranello\/#breadcrumb","itemListElement":[{"@type":"ListItem","position":1,"name":"Home","item":"https:\/\/villaduca.it\/en\/"},{"@type":"ListItem","position":2,"name":"Shop","item":"https:\/\/villaduca.it\/en\/shop\/"},{"@type":"ListItem","position":3,"name":"LAMBRUSCO Emilia IGT Ros\u00e9 Maranello"}]},{"@type":"WebSite","@id":"https:\/\/villaduca.it\/en\/#website","url":"https:\/\/villaduca.it\/en\/","name":"MARANELLO WINES","description":"","publisher":{"@id":"https:\/\/villaduca.it\/en\/#organization"},"potentialAction":[{"@type":"SearchAction","target":{"@type":"EntryPoint","urlTemplate":"https:\/\/villaduca.it\/en\/?s={search_term_string}"},"query-input":{"@type":"PropertyValueSpecification","valueRequired":true,"valueName":"search_term_string"}}],"inLanguage":"en-GB"},{"@type":"Organization","@id":"https:\/\/villaduca.it\/en\/#organization","name":"MARANELLO WINES","url":"https:\/\/villaduca.it\/en\/","logo":{"@type":"ImageObject","inLanguage":"en-GB","@id":"https:\/\/villaduca.it\/en\/#\/schema\/logo\/image\/","url":"https:\/\/en.maranello.wine\/wp-content\/uploads\/sites\/5\/2023\/08\/maranello_wine_cornice.jpeg","contentUrl":"https:\/\/en.maranello.wine\/wp-content\/uploads\/sites\/5\/2023\/08\/maranello_wine_cornice.jpeg","width":1200,"height":675,"caption":"MARANELLO WINES"},"image":{"@id":"https:\/\/villaduca.it\/en\/#\/schema\/logo\/image\/"},"sameAs":["https:\/\/www.facebook.com\/MaranelloWines\/","https:\/\/www.instagram.com\/maranello_wines\/"]}]}},"_links":{"self":[{"href":"https:\/\/villaduca.it\/en\/wp-json\/wp\/v2\/product\/339","targetHints":{"allow":["GET"]}}],"collection":[{"href":"https:\/\/villaduca.it\/en\/wp-json\/wp\/v2\/product"}],"about":[{"href":"https:\/\/villaduca.it\/en\/wp-json\/wp\/v2\/types\/product"}],"replies":[{"embeddable":true,"href":"https:\/\/villaduca.it\/en\/wp-json\/wp\/v2\/comments?post=339"}],"wp:featuredmedia":[{"embeddable":true,"href":"https:\/\/villaduca.it\/en\/wp-json\/wp\/v2\/media\/299"}],"wp:attachment":[{"href":"https:\/\/villaduca.it\/en\/wp-json\/wp\/v2\/media?parent=339"}],"wp:term":[{"taxonomy":"product_brand","embeddable":true,"href":"https:\/\/villaduca.it\/en\/wp-json\/wp\/v2\/product_brand?post=339"},{"taxonomy":"product_cat","embeddable":true,"href":"https:\/\/villaduca.it\/en\/wp-json\/wp\/v2\/product_cat?post=339"},{"taxonomy":"product_tag","embeddable":true,"href":"https:\/\/villaduca.it\/en\/wp-json\/wp\/v2\/product_tag?post=339"}],"curies":[{"name":"wp","href":"https:\/\/api.w.org\/{rel}","templated":true}]}}